{"id":1115,"date":"2021-11-20T00:46:47","date_gmt":"2021-11-20T00:46:47","guid":{"rendered":"https:\/\/givingjoyinternationalcharity.org\/?page_id=1115"},"modified":"2024-10-14T17:06:18","modified_gmt":"2024-10-14T17:06:18","slug":"environnement","status":"publish","type":"page","link":"https:\/\/givingjoyinternationalcharity.org\/en\/environnement\/","title":{"rendered":"Environnement"},"content":{"rendered":"<div data-elementor-type=\"wp-page\" data-elementor-id=\"1115\" class=\"elementor elementor-1115\">\n\t\t\t\t\t\t<section class=\"elementor-section elementor-top-section elementor-element elementor-element-65d4846 elementor-section-boxed elementor-section-height-default elementor-section-height-default\" data-id=\"65d4846\" data-element_type=\"section\" data-settings=\"{&quot;background_background&quot;:&quot;classic&quot;}\">\n\t\t\t\t\t\t\t<div class=\"elementor-background-overlay\"><\/div>\n\t\t\t\t\t\t\t<div class=\"elementor-container elementor-column-gap-default\">\n\t\t\t\t\t<div class=\"elementor-column elementor-col-100 elementor-top-column elementor-element elementor-element-37eedae\" data-id=\"37eedae\" data-element_type=\"column\">\n\t\t\t<div class=\"elementor-widget-wrap elementor-element-populated\">\n\t\t\t\t\t\t<div class=\"elementor-element elementor-element-1bceee9 elementor-widget elementor-widget-heading\" data-id=\"1bceee9\" data-element_type=\"widget\" data-widget_type=\"heading.default\">\n\t\t\t\t<div class=\"elementor-widget-container\">\n\t\t\t\t\t<h1 class=\"elementor-heading-title elementor-size-default\">Infrastructure &amp; Electricity<\/h1>\t\t\t\t<\/div>\n\t\t\t\t<\/div>\n\t\t\t\t<div class=\"elementor-element elementor-element-7acdaca elementor-widget-divider--view-line elementor-widget elementor-widget-divider\" data-id=\"7acdaca\" data-element_type=\"widget\" data-widget_type=\"divider.default\">\n\t\t\t\t<div class=\"elementor-widget-container\">\n\t\t\t\t\t\t\t<div class=\"elementor-divider\">\n\t\t\t<span class=\"elementor-divider-separator\">\n\t\t\t\t\t\t<\/span>\n\t\t<\/div>\n\t\t\t\t\t\t<\/div>\n\t\t\t\t<\/div>\n\t\t\t\t\t<\/div>\n\t\t<\/div>\n\t\t\t\t\t<\/div>\n\t\t<\/section>\n\t\t\t\t<section class=\"elementor-section elementor-top-section elementor-element elementor-element-6fa7d3f elementor-section-content-middle elementor-section-boxed elementor-section-height-default elementor-section-height-default\" data-id=\"6fa7d3f\" data-element_type=\"section\" data-settings=\"{&quot;background_background&quot;:&quot;classic&quot;}\">\n\t\t\t\t\t\t\t<div class=\"elementor-background-overlay\"><\/div>\n\t\t\t\t\t\t\t<div class=\"elementor-container elementor-column-gap-no\">\n\t\t\t\t\t<div class=\"elementor-column elementor-col-50 elementor-top-column elementor-element elementor-element-e0bb52f\" data-id=\"e0bb52f\" data-element_type=\"column\" data-settings=\"{&quot;background_background&quot;:&quot;classic&quot;}\">\n\t\t\t<div class=\"elementor-widget-wrap elementor-element-populated\">\n\t\t\t\t\t\t<div class=\"elementor-element elementor-element-bf14726 elementor-widget elementor-widget-heading\" data-id=\"bf14726\" data-element_type=\"widget\" data-widget_type=\"heading.default\">\n\t\t\t\t<div class=\"elementor-widget-container\">\n\t\t\t\t\t<h3 class=\"elementor-heading-title elementor-size-default\">CONTEXT<\/h3>\t\t\t\t<\/div>\n\t\t\t\t<\/div>\n\t\t\t\t<div class=\"elementor-element elementor-element-a6728df elementor-widget elementor-widget-text-editor\" data-id=\"a6728df\" data-element_type=\"widget\" data-widget_type=\"text-editor.default\">\n\t\t\t\t<div class=\"elementor-widget-container\">\n\t\t\t\t\t\t\t\t\t<div id=\"panel-343-1-0-0\" class=\"so-panel widget widget_text panel-first-child\" data-index=\"1\"><div class=\"panel-widget-style panel-widget-style-for-343-1-0-0\" data-title-color=\"#443f3f\" data-headings-color=\"#443f3f\"><div class=\"textwidget\"><p>Access to electricity in Africa is a critical issue for the continent. Africa's per capita electricity consumption is only 17.4% of the world average in 2018<\/p><\/div><\/div><\/div>\t\t\t\t\t\t\t\t<\/div>\n\t\t\t\t<\/div>\n\t\t\t\t<div class=\"elementor-element elementor-element-483396a elementor-widget elementor-widget-image\" data-id=\"483396a\" data-element_type=\"widget\" data-widget_type=\"image.default\">\n\t\t\t\t<div class=\"elementor-widget-container\">\n\t\t\t\t\t\t\t\t\t\t\t\t\t\t\t<img fetchpriority=\"high\" decoding=\"async\" width=\"563\" height=\"353\" src=\"https:\/\/givingjoyinternationalcharity.org\/wp-content\/uploads\/2021\/11\/pont-culturel-cameroun-563x353-1.jpg\" class=\"attachment-full size-full wp-image-1394\" alt=\"\" srcset=\"https:\/\/givingjoyinternationalcharity.org\/wp-content\/uploads\/2021\/11\/pont-culturel-cameroun-563x353-1.jpg 563w, https:\/\/givingjoyinternationalcharity.org\/wp-content\/uploads\/2021\/11\/pont-culturel-cameroun-563x353-1-300x188.jpg 300w\" sizes=\"(max-width: 563px) 100vw, 563px\" \/>\t\t\t\t\t\t\t\t\t\t\t\t\t\t\t<\/div>\n\t\t\t\t<\/div>\n\t\t\t\t\t<\/div>\n\t\t<\/div>\n\t\t\t\t<div class=\"elementor-column elementor-col-50 elementor-top-column elementor-element elementor-element-59ada16\" data-id=\"59ada16\" data-element_type=\"column\" data-settings=\"{&quot;background_background&quot;:&quot;classic&quot;}\">\n\t\t\t<div class=\"elementor-widget-wrap elementor-element-populated\">\n\t\t\t\t\t\t<div class=\"elementor-element elementor-element-5e5da69 elementor-widget elementor-widget-heading\" data-id=\"5e5da69\" data-element_type=\"widget\" data-widget_type=\"heading.default\">\n\t\t\t\t<div class=\"elementor-widget-container\">\n\t\t\t\t\t<h3 class=\"elementor-heading-title elementor-size-default\">Our Future Projects<\/h3>\t\t\t\t<\/div>\n\t\t\t\t<\/div>\n\t\t\t\t<div class=\"elementor-element elementor-element-db6d63b elementor-widget elementor-widget-text-editor\" data-id=\"db6d63b\" data-element_type=\"widget\" data-widget_type=\"text-editor.default\">\n\t\t\t\t<div class=\"elementor-widget-container\">\n\t\t\t\t\t\t\t\t\t<ul>\n \t<li>Construction of housing for teachers<\/li>\n \t<li>Construction of two public health care centers and renovation of 4 public health care centers<\/li>\n \t<li>Realization of simple drillings and existing drilling equipment<\/li>\n \t<li>Construction of water reservoirs<\/li>\n \t<li>Construction of education and literacy centers for women and girls<\/li>\n \t<li>Construction of vocational training centers for women and girls. Construction of shelters for school-aged girls in difficulty<\/li>\n<\/ul>\t\t\t\t\t\t\t\t<\/div>\n\t\t\t\t<\/div>\n\t\t\t\t<div class=\"elementor-element elementor-element-68a577d elementor-widget elementor-widget-image\" data-id=\"68a577d\" data-element_type=\"widget\" data-widget_type=\"image.default\">\n\t\t\t\t<div class=\"elementor-widget-container\">\n\t\t\t\t\t\t\t\t\t\t\t\t\t\t\t<img decoding=\"async\" width=\"1024\" height=\"682\" src=\"https:\/\/givingjoyinternationalcharity.org\/wp-content\/uploads\/2021\/11\/GetPaidStock.com-61a00ed98ae25.jpg\" class=\"attachment-full size-full wp-image-1525\" alt=\"\" srcset=\"https:\/\/givingjoyinternationalcharity.org\/wp-content\/uploads\/2021\/11\/GetPaidStock.com-61a00ed98ae25.jpg 1024w, https:\/\/givingjoyinternationalcharity.org\/wp-content\/uploads\/2021\/11\/GetPaidStock.com-61a00ed98ae25-300x200.jpg 300w, https:\/\/givingjoyinternationalcharity.org\/wp-content\/uploads\/2021\/11\/GetPaidStock.com-61a00ed98ae25-768x512.jpg 768w\" sizes=\"(max-width: 1024px) 100vw, 1024px\" \/>\t\t\t\t\t\t\t\t\t\t\t\t\t\t\t<\/div>\n\t\t\t\t<\/div>\n\t\t\t\t\t<\/div>\n\t\t<\/div>\n\t\t\t\t\t<\/div>\n\t\t<\/section>\n\t\t\t\t<section class=\"elementor-section elementor-top-section elementor-element elementor-element-a863273 elementor-section-content-middle elementor-reverse-mobile elementor-section-boxed elementor-section-height-default elementor-section-height-default\" data-id=\"a863273\" data-element_type=\"section\" data-settings=\"{&quot;background_background&quot;:&quot;classic&quot;}\">\n\t\t\t\t\t\t\t<div class=\"elementor-background-overlay\"><\/div>\n\t\t\t\t\t\t\t<div class=\"elementor-container elementor-column-gap-no\">\n\t\t\t\t\t<div class=\"elementor-column elementor-col-50 elementor-top-column elementor-element elementor-element-902526b\" data-id=\"902526b\" data-element_type=\"column\">\n\t\t\t<div class=\"elementor-widget-wrap elementor-element-populated\">\n\t\t\t\t\t\t<div class=\"elementor-element elementor-element-db10b7c elementor-widget elementor-widget-heading\" data-id=\"db10b7c\" data-element_type=\"widget\" data-widget_type=\"heading.default\">\n\t\t\t\t<div class=\"elementor-widget-container\">\n\t\t\t\t\t<h2 class=\"elementor-heading-title elementor-size-default\">Mission<\/h2>\t\t\t\t<\/div>\n\t\t\t\t<\/div>\n\t\t\t\t<div class=\"elementor-element elementor-element-12e2aeb elementor-widget elementor-widget-text-editor\" data-id=\"12e2aeb\" data-element_type=\"widget\" data-widget_type=\"text-editor.default\">\n\t\t\t\t<div class=\"elementor-widget-container\">\n\t\t\t\t\t\t\t\t\t<p>Let's improve the lives of the villagers through electricity and clean energy.<\/p>\t\t\t\t\t\t\t\t<\/div>\n\t\t\t\t<\/div>\n\t\t\t\t\t<\/div>\n\t\t<\/div>\n\t\t\t\t<div class=\"elementor-column elementor-col-50 elementor-top-column elementor-element elementor-element-e2dd3a5\" data-id=\"e2dd3a5\" data-element_type=\"column\">\n\t\t\t<div class=\"elementor-widget-wrap elementor-element-populated\">\n\t\t\t\t\t\t<div class=\"elementor-element elementor-element-b883a69 elementor-widget elementor-widget-image\" data-id=\"b883a69\" data-element_type=\"widget\" data-widget_type=\"image.default\">\n\t\t\t\t<div class=\"elementor-widget-container\">\n\t\t\t\t\t\t\t\t\t\t\t\t\t\t\t<img decoding=\"async\" width=\"1024\" height=\"683\" src=\"https:\/\/givingjoyinternationalcharity.org\/wp-content\/uploads\/2021\/11\/GetPaidStock.com-61a00ee936564.jpg\" class=\"attachment-large size-large wp-image-1526\" alt=\"\" srcset=\"https:\/\/givingjoyinternationalcharity.org\/wp-content\/uploads\/2021\/11\/GetPaidStock.com-61a00ee936564.jpg 1024w, https:\/\/givingjoyinternationalcharity.org\/wp-content\/uploads\/2021\/11\/GetPaidStock.com-61a00ee936564-300x200.jpg 300w, https:\/\/givingjoyinternationalcharity.org\/wp-content\/uploads\/2021\/11\/GetPaidStock.com-61a00ee936564-768x512.jpg 768w\" sizes=\"(max-width: 1024px) 100vw, 1024px\" \/>\t\t\t\t\t\t\t\t\t\t\t\t\t\t\t<\/div>\n\t\t\t\t<\/div>\n\t\t\t\t\t<\/div>\n\t\t<\/div>\n\t\t\t\t\t<\/div>\n\t\t<\/section>\n\t\t\t\t<\/div>","protected":false},"excerpt":{"rendered":"<p>Infrastructures &amp; Electricit\u00e9 CONTEXTE L&rsquo;acc\u00e8s \u00e0 l&rsquo;\u00e9lectricit\u00e9 en Afrique est un enjeu d\u00e9terminant pour le continent. La consommation d&rsquo;\u00e9lectricit\u00e9 par habitant de l&rsquo;Afrique est seulement \u00e0 17,4 % de la moyenne mondiale en 2018 Nos Futurs Projets Construction de logements pour les enseignants Construction de deux centres de soins de sant\u00e9 public et r\u00e9fection de &hellip;<\/p>\n<p class=\"read-more\"> <a class=\"\" href=\"https:\/\/givingjoyinternationalcharity.org\/en\/environnement\/\"> <span class=\"screen-reader-text\">Environnement<\/span> Read More &raquo;<\/a><\/p>","protected":false},"author":1,"featured_media":0,"parent":0,"menu_order":0,"comment_status":"closed","ping_status":"closed","template":"","meta":{"_monsterinsights_skip_tracking":false,"_monsterinsights_sitenote_active":false,"_monsterinsights_sitenote_note":"","_monsterinsights_sitenote_category":0,"site-sidebar-layout":"no-sidebar","site-content-layout":"page-builder","ast-site-content-layout":"","site-content-style":"default","site-sidebar-style":"default","ast-global-header-display":"","ast-banner-title-visibility":"","ast-main-header-display":"","ast-hfb-above-header-display":"","ast-hfb-below-header-display":"","ast-hfb-mobile-header-display":"","site-post-title":"disabled","ast-breadcrumbs-content":"","ast-featured-img":"disabled","footer-sml-layout":"","theme-transparent-header-meta":"","adv-header-id-meta":"","stick-header-meta":"","header-above-stick-meta":"","header-main-stick-meta":"","header-below-stick-meta":"","astra-migrate-meta-layouts":"","footnotes":""},"class_list":["post-1115","page","type-page","status-publish","hentry"],"yoast_head":"<!-- This site is optimized with the Yoast SEO plugin v24.2 - https:\/\/yoast.com\/wordpress\/plugins\/seo\/ -->\n<title>Environnement - Giving Joy International Charity<\/title>\n<meta name=\"robots\" content=\"index, follow, max-snippet:-1, max-image-preview:large, max-video-preview:-1\" \/>\n<link rel=\"canonical\" href=\"https:\/\/givingjoyinternationalcharity.org\/en\/environnement\/\" \/>\n<meta property=\"og:locale\" content=\"en_US\" \/>\n<meta property=\"og:type\" content=\"article\" \/>\n<meta property=\"og:title\" content=\"Environnement - Giving Joy International Charity\" \/>\n<meta property=\"og:description\" content=\"Infrastructures &amp; Electricit\u00e9 CONTEXTE L&rsquo;acc\u00e8s \u00e0 l&rsquo;\u00e9lectricit\u00e9 en Afrique est un enjeu d\u00e9terminant pour le continent. La consommation d&rsquo;\u00e9lectricit\u00e9 par habitant de l&rsquo;Afrique est seulement \u00e0 17,4 % de la moyenne mondiale en 2018 Nos Futurs Projets Construction de logements pour les enseignants Construction de deux centres de soins de sant\u00e9 public et r\u00e9fection de &hellip; Environnement Read More &raquo;\" \/>\n<meta property=\"og:url\" content=\"https:\/\/givingjoyinternationalcharity.org\/en\/environnement\/\" \/>\n<meta property=\"og:site_name\" content=\"Giving Joy International Charity\" \/>\n<meta property=\"article:modified_time\" content=\"2024-10-14T17:06:18+00:00\" \/>\n<meta property=\"og:image\" content=\"https:\/\/givingjoyinternationalcharity.org\/wp-content\/uploads\/2021\/11\/pont-culturel-cameroun-563x353-1.jpg\" \/>\n<meta name=\"twitter:card\" content=\"summary_large_image\" \/>\n<meta name=\"twitter:label1\" content=\"Est. reading time\" \/>\n\t<meta name=\"twitter:data1\" content=\"1 minute\" \/>\n<script type=\"application\/ld+json\" class=\"yoast-schema-graph\">{\"@context\":\"https:\/\/schema.org\",\"@graph\":[{\"@type\":\"WebPage\",\"@id\":\"https:\/\/givingjoyinternationalcharity.org\/environnement\/\",\"url\":\"https:\/\/givingjoyinternationalcharity.org\/environnement\/\",\"name\":\"Environnement - Giving Joy International Charity\",\"isPartOf\":{\"@id\":\"https:\/\/givingjoyinternationalcharity.org\/#website\"},\"primaryImageOfPage\":{\"@id\":\"https:\/\/givingjoyinternationalcharity.org\/environnement\/#primaryimage\"},\"image\":{\"@id\":\"https:\/\/givingjoyinternationalcharity.org\/environnement\/#primaryimage\"},\"thumbnailUrl\":\"https:\/\/givingjoyinternationalcharity.org\/wp-content\/uploads\/2021\/11\/pont-culturel-cameroun-563x353-1.jpg\",\"datePublished\":\"2021-11-20T00:46:47+00:00\",\"dateModified\":\"2024-10-14T17:06:18+00:00\",\"breadcrumb\":{\"@id\":\"https:\/\/givingjoyinternationalcharity.org\/environnement\/#breadcrumb\"},\"inLanguage\":\"en-US\",\"potentialAction\":[{\"@type\":\"ReadAction\",\"target\":[\"https:\/\/givingjoyinternationalcharity.org\/environnement\/\"]}]},{\"@type\":\"ImageObject\",\"inLanguage\":\"en-US\",\"@id\":\"https:\/\/givingjoyinternationalcharity.org\/environnement\/#primaryimage\",\"url\":\"https:\/\/givingjoyinternationalcharity.org\/wp-content\/uploads\/2021\/11\/pont-culturel-cameroun-563x353-1.jpg\",\"contentUrl\":\"https:\/\/givingjoyinternationalcharity.org\/wp-content\/uploads\/2021\/11\/pont-culturel-cameroun-563x353-1.jpg\"},{\"@type\":\"BreadcrumbList\",\"@id\":\"https:\/\/givingjoyinternationalcharity.org\/environnement\/#breadcrumb\",\"itemListElement\":[{\"@type\":\"ListItem\",\"position\":1,\"name\":\"Home\",\"item\":\"https:\/\/givingjoyinternationalcharity.org\/\"},{\"@type\":\"ListItem\",\"position\":2,\"name\":\"Environnement\"}]},{\"@type\":\"WebSite\",\"@id\":\"https:\/\/givingjoyinternationalcharity.org\/#website\",\"url\":\"https:\/\/givingjoyinternationalcharity.org\/\",\"name\":\"Giving Joy International Charity\",\"description\":\"Giving Joy International Charity\",\"publisher\":{\"@id\":\"https:\/\/givingjoyinternationalcharity.org\/#organization\"},\"potentialAction\":[{\"@type\":\"SearchAction\",\"target\":{\"@type\":\"EntryPoint\",\"urlTemplate\":\"https:\/\/givingjoyinternationalcharity.org\/?s={search_term_string}\"},\"query-input\":{\"@type\":\"PropertyValueSpecification\",\"valueRequired\":true,\"valueName\":\"search_term_string\"}}],\"inLanguage\":\"en-US\"},{\"@type\":\"Organization\",\"@id\":\"https:\/\/givingjoyinternationalcharity.org\/#organization\",\"name\":\"Giving Joy International Charity\",\"url\":\"https:\/\/givingjoyinternationalcharity.org\/\",\"logo\":{\"@type\":\"ImageObject\",\"inLanguage\":\"en-US\",\"@id\":\"https:\/\/givingjoyinternationalcharity.org\/#\/schema\/logo\/image\/\",\"url\":\"https:\/\/givingjoyinternationalcharity.org\/wp-content\/uploads\/2021\/11\/IMG-20211116-WA0018.jpg\",\"contentUrl\":\"https:\/\/givingjoyinternationalcharity.org\/wp-content\/uploads\/2021\/11\/IMG-20211116-WA0018.jpg\",\"width\":1280,\"height\":721,\"caption\":\"Giving Joy International Charity\"},\"image\":{\"@id\":\"https:\/\/givingjoyinternationalcharity.org\/#\/schema\/logo\/image\/\"}}]}<\/script>\n<!-- \/ Yoast SEO plugin. -->","yoast_head_json":{"title":"Environnement - Giving Joy International Charity","robots":{"index":"index","follow":"follow","max-snippet":"max-snippet:-1","max-image-preview":"max-image-preview:large","max-video-preview":"max-video-preview:-1"},"canonical":"https:\/\/givingjoyinternationalcharity.org\/en\/environnement\/","og_locale":"en_US","og_type":"article","og_title":"Environnement - Giving Joy International Charity","og_description":"Infrastructures &amp; Electricit\u00e9 CONTEXTE L&rsquo;acc\u00e8s \u00e0 l&rsquo;\u00e9lectricit\u00e9 en Afrique est un enjeu d\u00e9terminant pour le continent. La consommation d&rsquo;\u00e9lectricit\u00e9 par habitant de l&rsquo;Afrique est seulement \u00e0 17,4 % de la moyenne mondiale en 2018 Nos Futurs Projets Construction de logements pour les enseignants Construction de deux centres de soins de sant\u00e9 public et r\u00e9fection de &hellip; Environnement Read More &raquo;","og_url":"https:\/\/givingjoyinternationalcharity.org\/en\/environnement\/","og_site_name":"Giving Joy International Charity","article_modified_time":"2024-10-14T17:06:18+00:00","og_image":[{"url":"https:\/\/givingjoyinternationalcharity.org\/wp-content\/uploads\/2021\/11\/pont-culturel-cameroun-563x353-1.jpg","type":"","width":"","height":""}],"twitter_card":"summary_large_image","twitter_misc":{"Est. reading time":"1 minute"},"schema":{"@context":"https:\/\/schema.org","@graph":[{"@type":"WebPage","@id":"https:\/\/givingjoyinternationalcharity.org\/environnement\/","url":"https:\/\/givingjoyinternationalcharity.org\/environnement\/","name":"Environnement - Giving Joy International Charity","isPartOf":{"@id":"https:\/\/givingjoyinternationalcharity.org\/#website"},"primaryImageOfPage":{"@id":"https:\/\/givingjoyinternationalcharity.org\/environnement\/#primaryimage"},"image":{"@id":"https:\/\/givingjoyinternationalcharity.org\/environnement\/#primaryimage"},"thumbnailUrl":"https:\/\/givingjoyinternationalcharity.org\/wp-content\/uploads\/2021\/11\/pont-culturel-cameroun-563x353-1.jpg","datePublished":"2021-11-20T00:46:47+00:00","dateModified":"2024-10-14T17:06:18+00:00","breadcrumb":{"@id":"https:\/\/givingjoyinternationalcharity.org\/environnement\/#breadcrumb"},"inLanguage":"en-US","potentialAction":[{"@type":"ReadAction","target":["https:\/\/givingjoyinternationalcharity.org\/environnement\/"]}]},{"@type":"ImageObject","inLanguage":"en-US","@id":"https:\/\/givingjoyinternationalcharity.org\/environnement\/#primaryimage","url":"https:\/\/givingjoyinternationalcharity.org\/wp-content\/uploads\/2021\/11\/pont-culturel-cameroun-563x353-1.jpg","contentUrl":"https:\/\/givingjoyinternationalcharity.org\/wp-content\/uploads\/2021\/11\/pont-culturel-cameroun-563x353-1.jpg"},{"@type":"BreadcrumbList","@id":"https:\/\/givingjoyinternationalcharity.org\/environnement\/#breadcrumb","itemListElement":[{"@type":"ListItem","position":1,"name":"Home","item":"https:\/\/givingjoyinternationalcharity.org\/"},{"@type":"ListItem","position":2,"name":"Environnement"}]},{"@type":"WebSite","@id":"https:\/\/givingjoyinternationalcharity.org\/#website","url":"https:\/\/givingjoyinternationalcharity.org\/","name":"Giving Joy International Charity","description":"Giving Joy International Charity","publisher":{"@id":"https:\/\/givingjoyinternationalcharity.org\/#organization"},"potentialAction":[{"@type":"SearchAction","target":{"@type":"EntryPoint","urlTemplate":"https:\/\/givingjoyinternationalcharity.org\/?s={search_term_string}"},"query-input":{"@type":"PropertyValueSpecification","valueRequired":true,"valueName":"search_term_string"}}],"inLanguage":"en-US"},{"@type":"Organization","@id":"https:\/\/givingjoyinternationalcharity.org\/#organization","name":"Giving Joy International Charity","url":"https:\/\/givingjoyinternationalcharity.org\/","logo":{"@type":"ImageObject","inLanguage":"en-US","@id":"https:\/\/givingjoyinternationalcharity.org\/#\/schema\/logo\/image\/","url":"https:\/\/givingjoyinternationalcharity.org\/wp-content\/uploads\/2021\/11\/IMG-20211116-WA0018.jpg","contentUrl":"https:\/\/givingjoyinternationalcharity.org\/wp-content\/uploads\/2021\/11\/IMG-20211116-WA0018.jpg","width":1280,"height":721,"caption":"Giving Joy International Charity"},"image":{"@id":"https:\/\/givingjoyinternationalcharity.org\/#\/schema\/logo\/image\/"}}]}},"_links":{"self":[{"href":"https:\/\/givingjoyinternationalcharity.org\/en\/wp-json\/wp\/v2\/pages\/1115","targetHints":{"allow":["GET"]}}],"collection":[{"href":"https:\/\/givingjoyinternationalcharity.org\/en\/wp-json\/wp\/v2\/pages"}],"about":[{"href":"https:\/\/givingjoyinternationalcharity.org\/en\/wp-json\/wp\/v2\/types\/page"}],"author":[{"embeddable":true,"href":"https:\/\/givingjoyinternationalcharity.org\/en\/wp-json\/wp\/v2\/users\/1"}],"replies":[{"embeddable":true,"href":"https:\/\/givingjoyinternationalcharity.org\/en\/wp-json\/wp\/v2\/comments?post=1115"}],"version-history":[{"count":40,"href":"https:\/\/givingjoyinternationalcharity.org\/en\/wp-json\/wp\/v2\/pages\/1115\/revisions"}],"predecessor-version":[{"id":2058,"href":"https:\/\/givingjoyinternationalcharity.org\/en\/wp-json\/wp\/v2\/pages\/1115\/revisions\/2058"}],"wp:attachment":[{"href":"https:\/\/givingjoyinternationalcharity.org\/en\/wp-json\/wp\/v2\/media?parent=1115"}],"curies":[{"name":"wp","href":"https:\/\/api.w.org\/{rel}","templated":true}]}}